{"id":38,"date":"2023-08-06T11:06:21","date_gmt":"2023-08-06T09:06:21","guid":{"rendered":"http:\/\/192.168.1.150\/web\/?page_id=38"},"modified":"2023-08-18T19:41:22","modified_gmt":"2023-08-18T17:41:22","slug":"om","status":"publish","type":"page","link":"https:\/\/ulmes.se\/web\/om\/","title":{"rendered":"Om"},"content":{"rendered":"\n<p>Mitt lilla hus i Sandhamn p\u00e5 Gotland som \u00e4r byggt 2014 till 2015. Jag gick i pension 1\/5 2015 fr\u00e5n f\u00f6rsvaret och flyttat hem till det nya huset p\u00e5 Gotland<\/p>\n\n\n\n<p>Min filosofi som pension\u00e4r \u00e4r : Det jag inte hann att g\u00f6ra ig\u00e5r, s\u00e5 kanske&nbsp; jag kan g\u00f6ra det i morgon, f\u00f6r idag&nbsp; tar jag&nbsp; en fridag&nbsp; !!<\/p>\n","protected":false},"excerpt":{"rendered":"<p>Mitt lilla hus i Sandhamn p\u00e5 Gotland som \u00e4r byggt 2014 till 2015. Jag gick i pension 1\/5 2015 fr\u00e5n f\u00f6rsvaret och flyttat hem till det nya huset p\u00e5 Gotland Min filosofi som pension\u00e4r \u00e4r : Det jag inte hann att g\u00f6ra ig\u00e5r, s\u00e5 kanske&nbsp; jag kan g\u00f6ra det i morgon, f\u00f6r idag&nbsp; tar jag&nbsp; &hellip; <\/p>\n<p class=\"link-more\"><a href=\"https:\/\/ulmes.se\/web\/om\/\" class=\"more-link\">Forts\u00e4tt l\u00e4sa<span class=\"screen-reader-text\"> \u201dOm\u201d<\/span><\/a><\/p>\n","protected":false},"author":1,"featured_media":107,"parent":0,"menu_order":0,"comment_status":"closed","ping_status":"closed","template":"","meta":{"footnotes":""},"class_list":["post-38","page","type-page","status-publish","has-post-thumbnail","hentry"],"_links":{"self":[{"href":"https:\/\/ulmes.se\/web\/wp-json\/wp\/v2\/pages\/38","targetHints":{"allow":["GET"]}}],"collection":[{"href":"https:\/\/ulmes.se\/web\/wp-json\/wp\/v2\/pages"}],"about":[{"href":"https:\/\/ulmes.se\/web\/wp-json\/wp\/v2\/types\/page"}],"author":[{"embeddable":true,"href":"https:\/\/ulmes.se\/web\/wp-json\/wp\/v2\/users\/1"}],"replies":[{"embeddable":true,"href":"https:\/\/ulmes.se\/web\/wp-json\/wp\/v2\/comments?post=38"}],"version-history":[{"count":2,"href":"https:\/\/ulmes.se\/web\/wp-json\/wp\/v2\/pages\/38\/revisions"}],"predecessor-version":[{"id":58,"href":"https:\/\/ulmes.se\/web\/wp-json\/wp\/v2\/pages\/38\/revisions\/58"}],"wp:featuredmedia":[{"embeddable":true,"href":"https:\/\/ulmes.se\/web\/wp-json\/wp\/v2\/media\/107"}],"wp:attachment":[{"href":"https:\/\/ulmes.se\/web\/wp-json\/wp\/v2\/media?parent=38"}],"curies":[{"name":"wp","href":"https:\/\/api.w.org\/{rel}","templated":true}]}}